{"id":299,"date":"2015-06-01T19:38:09","date_gmt":"2015-06-01T18:38:09","guid":{"rendered":"http:\/\/www.romatennis.it\/?page_id=299"},"modified":"2015-06-01T23:06:05","modified_gmt":"2015-06-01T22:06:05","slug":"cookie-policy","status":"publish","type":"page","link":"https:\/\/www.romatennis.it\/?page_id=299","title":{"rendered":"Cookie Policy"},"content":{"rendered":"<h2>Informativa estesa sui Cookie<\/h2>\n<p>I Cookie sono costituiti da porzioni di codice installate all\u2019interno del browser che assistono il Titolare nell\u2019erogazione del servizio in base alle finalit\u00e0 descritte. Alcune delle finalit\u00e0 di installazione dei Cookie potrebbero, inoltre, necessitare del consenso dell\u2019Utente. Esistono diverse tipologie di cookies. Alcuni sono necessari per poter navigare sul Sito, altri hanno scopi diversi come garantire la sicurezza interna, amministrare il sistema, effettuare analisi statistiche, comprendere quali sono le sezioni del Sito che interessano maggiormente gli utenti o offrire una visita personalizzata del Sito. Quanto precede si riferisce sia al computer dell\u2019utente sia ad ogni altro dispositivo che l\u2019utente pu\u00f2 utilizzare per connettersi al Sito.<br \/>\nLa disabilitazione dei cookies potrebbe limitare la possibilit\u00e0 di usare il Sito e impedire di beneficiare in pieno delle funzionalit\u00e0 e dei servizi presenti sul Sito. Per decidere quali accettare e quali rifiutare, \u00e8 illustrata di seguito una descrizione dei cookies utilizzati sul Sito.<\/p>\n<h2>Cookies di prima parte<\/h2>\n<p>Attivit\u00e0 strettamente necessarie al funzionamento<br \/>\nI cookies di prima parte (ovvero i cookies che appartengono al sito dell\u2019editore che li ha creati) sono impostati dal sito web visitato dall&#8217;utente, il cui indirizzo compare nella finestra URL. L&#8217;utilizzo di tali cookies ci permette di far funzionare il sito in modo efficiente e di tracciare i modelli di comportamento dei visitatori.<\/p>\n<h2>Cookies di sessione<\/h2>\n<p>I c.d. \u2018cookies di sessione\u2019 sono memorizzati temporaneamente e vengono cancellati quando l\u2019utente chiude il browser. Se l\u2019utente si registra al Sito, pu\u00f2 utilizzare cookies che raccolgono dati personali al fine di identificare l\u2019utente in occasione di visite successive e di facilitare l&#8217;accesso &#8211; login al Sito (per esempio conservando username e password dell\u2019utente) e la navigazione sullo stesso. Inoltre possono essere utilizzati i cookies per finalit\u00e0 di amministrazione del sistema.<\/p>\n<h2>Cookies persistenti<\/h2>\n<p>I cookies persistenti sono memorizzati sul dispositivo degli utenti tra le sessioni del browser. Possono essere utilizzati per diversi scopi, ad esempio per ricordare le preferenze e le scelte quando si utilizza il Sito.<\/p>\n<h2>Cookies essenziali<\/h2>\n<p>Questi cookies sono strettamente necessari per il funzionamento del Sito. Senza l&#8217;uso di tali cookies alcune parti del Sito non funzionerebbero. Comprendono, ad esempio, i cookies che consentono di accedere in aree protette del Sito. Questi cookies non raccolgono informazioni per scopi di marketing e non possono essere disattivati.<\/p>\n<h2><strong>Altre tipologie di Cookie o strumenti terzi che potrebbero farne utilizzo<\/strong><\/h2>\n<p>I cookies di terzi sono impostati da un dominio differente da quello visitato dall&#8217;utente. Se un utente visita un sito e una societ\u00e0 diversa invia l&#8217;informazione sfruttando quel sito, si \u00e8 in presenza di cookies di terze parti. Alcuni dei servizi elencati di seguito raccolgono statistiche in forma aggregata e potrebbero non richiedere il consenso dell\u2019Utente o potrebbero essere gestiti direttamente dal Titolare \u2013 a seconda di quanto descritto \u2013 senza l\u2019ausilio di terzi.<br \/>\nQualora fra gli strumenti indicati in seguito fossero presenti servizi gestiti da terzi, questi potrebbero \u2013 in aggiunta a quanto specificato ed anche all\u2019insaputa del Titolare \u2013 compiere attivit\u00e0 di tracciamento dell\u2019Utente. Per informazioni dettagliate in merito, si consiglia di consultare le privacy policy dei servizi elencati da noi consapevolmente ospitati.<\/p>\n<h2><strong>Commento dei contenuti<\/strong><\/h2>\n<p>I servizi di commento consentono agli Utenti di formulare e rendere pubblici propri commenti riguardanti il contenuto di questo Sito.<br \/>\nGli Utenti, a seconda delle impostazioni decise dal Titolare, possono lasciare il commento anche in forma anonima. Nel caso tra i Dati Personali rilasciati dall\u2019Utente ci sia l\u2019email, questa potrebbe essere utilizzata per inviare notifiche di commenti riguardanti lo stesso contenuto. Gli Utenti sono responsabili del contenuto dei propri commenti.<br \/>\nNel caso in cui sia installato un servizio di commenti fornito da soggetti terzi, \u00e8 possibile che, anche nel caso in cui gli Utenti non utilizzino il servizio di commento, lo stesso raccolga dati di traffico relativi alle pagine in cui il servizio di commento \u00e8 installato.<br \/>\n<strong>Facebook Comments (Facebook, Inc.)<\/strong><br \/>\nFacebook Comments \u00e8 un servizio gestito da Facebook, Inc. che consente all\u2019Utente di lasciare propri commenti e condividerli all\u2019interno della piattaforma Facebook.<br \/>\nDati personali raccolti: Cookie e Dati di utilizzo.<br \/>\nLuogo del trattamento : USA \u2013 <a href=\"http:\/\/www.facebook.com\/privacy\/explanation.php\" target=\"_blank\">Privacy Policy<\/a><\/p>\n<h2><strong>Interazione con social network e piattaforme esterne<\/strong><\/h2>\n<p>Questi servizi permettono di effettuare interazioni con i social network, o con altre piattaforme esterne, direttamente dalle pagine di questo Sito.<br \/>\nLe interazioni e le informazioni acquisite da questo Sito sono in ogni caso soggette alle impostazioni privacy dell\u2019Utente relative ad ogni social network.<br \/>\nNel caso in cui sia installato un servizio di interazione con i social network, \u00e8 possibile che, anche nel caso gli Utenti non utilizzino il servizio, lo stesso raccolga dati di traffico relativi alle pagine in cui \u00e8 installato.<\/p>\n<p><strong>Pulsante Tweet e widget sociali di Twitter (Twitter)<\/strong><br \/>\nIl pulsante Tweet e i widget sociali di Twitter sono servizi di interazione con il social network Twitter, forniti da Twitter Inc.<br \/>\nDati personali raccolti: Cookie e Dati di utilizzo.<br \/>\nLuogo del trattamento : USA \u2013 <a href=\"http:\/\/twitter.com\/privacy\" target=\"_blank\">Privacy Policy<\/a><\/p>\n<p><strong>Pulsante Mi Piace e widget sociali di Facebook (Facebook, Inc.)<\/strong><br \/>\nIl pulsante \u201cMi Piace\u201d e i widget sociali di Facebook sono servizi di interazione con il social network Facebook, forniti da Facebook, Inc.<br \/>\nDati personali raccolti: Cookie e Dati di utilizzo.<br \/>\nLuogo del trattamento : USA \u2013 <a href=\"http:\/\/www.facebook.com\/privacy\/explanation.php\" target=\"_blank\">Privacy Policy<\/a><\/p>\n<p><strong>Pulsante +1 e widget sociali di Google+ (Google)<\/strong><br \/>\nIl pulsante +1 e i widget sociali di Google+ sono servizi di interazione con il social network Google+, forniti da Google Inc.<br \/>\nDati personali raccolti: Cookie e Dati di utilizzo.<br \/>\nLuogo del trattamento : USA \u2013 <a href=\"http:\/\/www.google.com\/intl\/it\/policies\/privacy\/\" target=\"_blank\">Privacy Policy<\/a><\/p>\n<p><strong>Pulsante \u201cPin it\u201d e widget sociali di Pinterest (Pinterest)<\/strong><br \/>\nIl pulsante \u201cPin it\u201d e widget sociali di Pinterest sono servizi di interazione con la piattaforma Pinterest, forniti da Pinterest Inc.<br \/>\nDati personali raccolti: Cookie e Dati di utilizzo.<br \/>\nLuogo del trattamento : USA \u2013 <a href=\"http:\/\/about.pinterest.com\/privacy\/\" target=\"_blank\">Privacy Policy<\/a><\/p>\n<p><strong>Widget sociali di Instagram (Instagram)<\/strong><br \/>\nI widget sociali di Instagram sono servizi di interazione con la piattaforma Instagram, forniti da Facebook, Inc.<br \/>\nDati personali raccolti: Cookie e Dati di utilizzo.<br \/>\nLuogo del trattamento : USA \u2013 <a href=\"https:\/\/instagram.com\/about\/legal\/privacy\/\" target=\"_blank\">Privacy Policy<\/a><\/p>\n<p><strong>Widget sociali di Linkedin (Linkedin)<\/strong><br \/>\nI widget sociali di Linkedin sono servizi di interazione con la piattaforma Linkedin, forniti da LinkedIn Ireland.<br \/>\nDati personali raccolti: Cookie e Dati di utilizzo.<br \/>\nLuogo del trattamento : Irlanda \u2013 <a href=\"https:\/\/www.linkedin.com\/legal\/cookie-policy\" target=\"_blank\">Privacy Policy<\/a><\/p>\n<p><strong>Widget sociali di OkNotizie (Virgilio)<\/strong><br \/>\nI widget sociali di OkNotizie sono servizi di interazione con la piattaforma Virgilio, forniti da Italiaonline S.p.A.<br \/>\nDati personali raccolti: Cookie e Dati di utilizzo.<br \/>\nLuogo del trattamento : Italia \u2013 <a href=\"http:\/\/www.virgilio.it\/privacy.html\" target=\"_blank\">Privacy Policy<\/a><\/p>\n<h2><strong>Pubblicit\u00e0<\/strong><\/h2>\n<p>Questi servizi consentono di utilizzare i Dati dell\u2019Utente per finalit\u00e0 di comunicazione commerciale in diverse forme pubblicitarie, quali il banner, anche in relazione agli interessi dell\u2019Utente.<br \/>\nCi\u00f2 non significa che tutti i Dati Personali vengano utilizzati per questa finalit\u00e0. Dati e condizioni di utilizzo sono indicati di seguito.<br \/>\nAlcuni dei servizi di seguito indicati potrebbero utilizzare Cookie per identificare l\u2019Utente o utilizzare la tecnica del behavioral retargeting, ossia visualizzare annunci pubblicitari personalizzati in base agli interessi e al comportamento dell\u2019Utente, rilevati anche al di fuori di questo Sito. Per avere maggiori informazioni in merito, ti suggeriamo di verificare le informative privacy dei rispettivi servizi.<\/p>\n<p><strong>Google Adsense<\/strong><br \/>\nGoogle AdSense \u00e8 un servizio di advertising fornito da Google Inc.  Questo servizio usa il Cookie \u201cDoubleclick\u201d, che traccia l\u2019utilizzo di  questo Sito ed il comportamento dell\u2019Utente in relazione agli  annunci pubblicitari, ai prodotti e ai servizi offerti.<br \/>\nL\u2019Utente pu\u00f2 decidere in qualsiasi momento di non usare il Cookie Doubleclick provvedendo alla sua disattivazione:  <a href=\"http:\/\/google.com\/settings\/ads\/onweb\/optout?hl=it\" target=\"_blank\">google.com\/settings\/ads\/onweb\/optout?hl=it<\/a>.<br \/>\nLuogo del trattamento : USA \u2013 <a href=\"http:\/\/www.google.com\/policies\/technologies\/ads\/\" target=\"_blank\">Privacy Policy<\/a><\/p>\n<p><strong>eADV (Newmediabit s.n.c.)<\/strong><br \/>\neADV \u00e8 un servizio di advertising fornito da Newmediabit s.n.c.<br \/>\nDati personali raccolti: Cookie e Dati di utilizzo.<br \/>\nLuogo del trattamento : Italia \u2013 <a href=\"http:\/\/www.eadv.it\/privacy.php\" target=\"_blank\">Privacy Policy<\/a><\/p>\n<p><strong>Simply (Namesco Limited)<\/strong><br \/>\nSimply  \u00e8 un servizio di advertising fornito da Namesco Limited<br \/>\nDati personali raccolti: Cookie e Dati di utilizzo.<br \/>\nLuogo del trattamento : Uk \u2013 <a href=\"https:\/\/publisher.simply.com\/it\/pp.php\" target=\"_blank\">Privacy Policy<\/a><\/p>\n<h2>Affiliazioni commerciali<\/h2>\n<p>Questi servizi consentono a questo Sito di esporre annunci di prodotti o servizi offerti da terze parti. Gli annunci possono essere visualizzati sia sotto forma di link pubblicitari che sotto forma di banner in varie forme grafiche.<br \/>\nIl click sull\u2019icona o sul banner pubblicato su questo Sito sono tracciati dai servizi terzi elencati di seguito e vengono condivisi con questo Sito.<br \/>\nPer conoscere quali dati vengano raccolti si prega di far riferimento alle informative privacy di ciascun servizio.<\/p>\n<p><strong>Amazon Affiliation (Amazon)<\/strong><br \/>\nAmazon Affiliation \u00e8 un servizio di affiliazione commerciale fornito da Amazon.com Inc.<br \/>\nDati personali raccolti: Cookie e Dati di utilizzo.<br \/>\nLuogo del trattamento : USA \u2013 <a href=\"http:\/\/www.amazon.it\/gp\/help\/customer\/display.html\/ref=hp_left_v4_sib?ie=UTF8&amp;nodeId=200545460\" target=\"_blank\">Privacy Policy<\/a><\/p>\n<p><strong>iTunes affiliation (Apple Inc.)<\/strong><br \/>\niTunes affiliation \u00e8 un servizio di affiliazione commerciale fornito da Apple Inc.<br \/>\nDati personali raccolti: Cookie e Dati di utilizzo.<br \/>\nLuogo del trattamento : USA \u2013 <a href=\"http:\/\/www.apple.com\/it\/privacy\/\" target=\"_blank\">Privacy Policy<\/a><\/p>\n<h2>Statistica<\/h2>\n<p>I servizi contenuti nella presente sezione permettono al Titolare del Trattamento di monitorare e analizzare i dati di traffico e servono a tener traccia del comportamento dell\u2019Utente ai fini statistici.<\/p>\n<p><strong>Google Analytics (Google)<br \/>\n<\/strong>Google Analytics \u00e8 un servizio di analisi web fornito da Google Inc. (\u201cGoogle\u201d). Google utilizza i Dati Personali raccolti allo scopo di tracciare ed esaminare l\u2019utilizzo di questa Applicazione, compilare report e condividerli con gli altri servizi sviluppati da Google.<br \/>\nGoogle potrebbe utilizzare i Dati Personali per contestualizzare e personalizzare gli annunci del proprio network pubblicitario.<br \/>\nDati personali raccolti: Cookie e Dati di utilizzo.<br \/>\nLuogo del trattamento : USA \u2013 <a href=\"http:\/\/www.google.com\/intl\/it\/policies\/privacy\/\" target=\"_blank\">Privacy Policy<\/a> \u2013 <a href=\"http:\/\/tools.google.com\/dlpage\/gaoptout?hl=it\" target=\"_blank\">Opt Out <\/a><\/p>\n<h2>Visualizzazione di contenuti da piattaforme esterne<\/h2>\n<p>Questi servizi permettono di visualizzare contenuti ospitati su piattaforme esterne direttamente dalle pagine di questo Sito e di interagire con essi.<br \/>\nNel caso in cui sia installato un servizio di questo tipo, \u00e8 possibile che, anche nel caso gli Utenti non utilizzino il servizio, lo stesso raccolga dati di traffico relativi alle pagine in cui \u00e8 installato.<\/p>\n<p><strong>Widget Google Maps (Google)<\/strong><br \/>\nGoogle Maps \u00e8 un servizio di visualizzazione di mappe gestito da Google Inc. che permette a questo Sito di integrare tali contenuti all\u2019interno delle proprie pagine.<br \/>\nDati personali raccolti: Cookie e Dati di utilizzo.<br \/>\nLuogo del trattamento : USA \u2013 <a href=\"http:\/\/www.google.it\/intl\/it\/policies\/privacy\/\" target=\"_blank\">Privacy Policy<\/a><\/p>\n<p><strong>Widget Video Youtube (Google)<\/strong><br \/>\nYoutube \u00e8 un servizio di visualizzazione di contenuti video gestito da Google Inc. che permette a questo Sito di integrare tali contenuti all\u2019interno delle proprie pagine.<br \/>\nDati personali raccolti: Cookie e Dati di utilizzo.<br \/>\nLuogo del trattamento : USA \u2013 <a href=\"http:\/\/www.google.it\/intl\/it\/policies\/privacy\/\" target=\"_blank\">Privacy Policy<\/a><\/p>\n<p><strong>Google Fonts (Google Inc.)<\/strong><br \/>\nGoogle Fonts \u00e8 un servizio di visualizzazione di stili di carattere gestito da Google Inc. che permette a questo Sito di integrare tali contenuti all\u2019interno delle proprie pagine.<br \/>\nDati personali raccolti: Cookie e Dati di utilizzo.<br \/>\nLuogo del trattamento : USA \u2013 <a href=\"http:\/\/www.google.it\/intl\/it\/policies\/privacy\/\" target=\"_blank\">Privacy Policy<\/a><\/p>\n<p><strong>Video Vimeo (Vimeo, LLC)<\/strong><br \/>\nVimeo \u00e8 un servizio di visualizzazione di contenuti video gestito da Vimeo, LLC che permette aquesto Sito di integrare tali contenuti all\u2019interno delle proprie pagine.<br \/>\nDati personali raccolti: Cookie e Dati di utilizzo.<br \/>\nLuogo del trattamento : USA \u2013 <a href=\"https:\/\/vimeo.com\/privacy\" target=\"_blank\">Privacy Policy<\/a><\/p>\n<h2>Abilitazione\/disabilitazione di cookie tramite il browser<\/h2>\n<p>In aggiunta a quanto indicato in questo documento, l\u2019Utente pu\u00f2 gestire le preferenze relative ai Cookie direttamente all\u2019interno del proprio browser ed impedire \u2013 ad esempio \u2013 che terze parti possano installarne. Tramite le preferenze del browser \u00e8 inoltre possibile eliminare i Cookie installati in passato, incluso il Cookie in cui venga eventualmente salvato il consenso all\u2019installazione di Cookie da parte di questo sito. \u00c8 importante notare che disabilitando tutti i Cookie, il funzionamento di questo sito potrebbe essere compromesso. L\u2019Utente pu\u00f2 trovare informazioni su come gestire i Cookie nel suo browser ai seguenti indirizzi:<br \/>\n&#8211; <a href=\"https:\/\/support.google.com\/chrome\/answer\/95647?hl=it&amp;p=cpn_cookies\" target=\"_blank\">Google Chrome<\/a><br \/>\n&#8211; <a href=\"https:\/\/support.mozilla.org\/it\/kb\/Attivare%20e%20disattivare%20i%20cookie\" target=\"_blank\">Mozilla Firefox<\/a><br \/>\n&#8211; <a href=\"https:\/\/support.apple.com\/kb\/PH19214?viewlocale=it_IT\" target=\"_blank\">Apple Safari<\/a><br \/>\n&#8211; <a href=\"http:\/\/windows.microsoft.com\/it-it\/windows-vista\/block-or-allow-cookies\" target=\"_blank\">Microsoft Windows Explorer<\/a><br \/>\n&#8211; <a href=\"http:\/\/www.opera.com\/help\/tutorials\/security\/cookies\/\" target=\"_blank\">Opera<\/a><\/p>\n<p>Se non \u00e8 utilizzato nessuno dei browser sopra elencati,  selezionando cookie nella relativa sezione della guida del browser utilizzato potete scoprire dove si trova la cartella dei cookie e come disabilitarli e\/o cancellarli.<\/p>\n<p>Fermo restando quanto precede, il Titolare informa che l\u2019Utente pu\u00f2 avvalersi di <a href=\"http:\/\/www.youronlinechoices.com\" target=\"_blank\">Your Online Choices<\/a>, piattaforma dell\u2019IAB (Interactive Advertising Bureau) Europe. Attraverso tale servizio \u00e8 possibile gestire le preferenze di tracciamento della maggior parte degli strumenti pubblicitari.<\/p>\n<h2>Titolare del Trattamento dei Dati<\/h2>\n<p>Roma Virtuale  S.r.l. &#8211; Via Bevagna, 21, 00191, Roma, Italia,<br \/>\nprivacy@romavirtuale.com<br \/>\nDal momento che l\u2019installazione di Cookie e di altri sistemi di tracciamento operata da terze parti tramite i servizi utilizzati all\u2019interno di questa Applicazione non pu\u00f2 essere tecnicamente controllata dal Titolare, ogni riferimento specifico a Cookie e sistemi di tracciamento installati da terze parti \u00e8 da considerarsi indicativo. Per ottenere informazioni complete, consulta la privacy policy degli eventuali servizi terzi elencati in questo documento.<br \/>\nVista l\u2019oggettiva complessit\u00e0 legata all\u2019identificazione delle tecnologie basate sui Cookie ed alla loro integrazione molto stretta con il funzionamento del web, l\u2019Utente \u00e8 invitato a contattare il Titolare qualora volesse ricevere qualunque approfondimento relativo all\u2019utilizzo dei Cookie stessi e ad eventuali utilizzi degli stessi \u2013 ad esempio ad opera di terzi \u2013 effettuati tramite questo sito.<\/p>\n<h2>Definizioni e riferimenti legali<\/h2>\n<p><strong>Dati Personali (o Dati)<\/strong><br \/>\nCostituisce dato personale qualunque informazione relativa a persona fisica, identificata o identificabile, anche indirettamente, mediante riferimento a qualsiasi altra informazione, ivi compreso un numero di identificazione personale.<br \/>\n<strong>Dati di Utilizzo<\/strong><br \/>\nSono le informazioni raccolte in maniera automatica da questo Sito (o dalle applicazioni di parti terze che questo Sito utilizza), tra i quali: gli indirizzi IP o i nomi a dominio dei computer utilizzati dall\u2019Utente che si connette con questo Sito, gli indirizzi in notazione URI (Uniform Resource Identifier), l\u2019orario della richiesta, il metodo utilizzato nel sottoporre la richiesta al server, la dimensione del file ottenuto in risposta, il codice numerico indicante lo stato della risposta dal server (buon fine, errore, ecc.) il Paese di provenienza, le caratteristiche del browser e del sistema operativo utilizzati dal visitatore, le varie connotazioni temporali della visita (ad esempio il tempo di permanenza su ciascuna pagina) e i dettagli relativi all\u2019itinerario seguito all\u2019interno del Sito, con particolare riferimento alla sequenza delle pagine consultate, ai parametri relativi al sistema operativo e all\u2019ambiente informatico dell\u2019Utente.<br \/>\n<strong>Utente<\/strong><br \/>\nL\u2019individuo che utilizza questa Sito, che deve coincidere con l\u2019Interessato o essere da questo autorizzato ed i cui Dati Personali sono oggetto del trattamento.<br \/>\n<strong>Interessato<\/strong><br \/>\nLa persona fisica o giuridica cui si riferiscono i Dati Personali.<br \/>\n<strong>Responsabile del Trattamento (o Responsabile)<\/strong><br \/>\nLa persona fisica, giuridica, la pubblica amministrazione e qualsiasi altro ente, associazione od organismo preposti dal Titolare al trattamento dei Dati Personali, secondo quanto predisposto dalla presente policy.<br \/>\n<strong>Titolare del Trattamento (o Titolare)<\/strong><br \/>\nLa persona fisica, giuridica, la pubblica amministrazione e qualsiasi altro ente, associazione od organismo cui competono, anche unitamente ad altro titolare, le decisioni in ordine alle finalit\u00e0, alle modalit\u00e0 del trattamento di dati personali ed agli strumenti utilizzati, ivi compreso il profilo della sicurezza, in relazione al funzionamento e alla fruizione di questo Sito. Il Titolare del Trattamento, salvo quanto diversamente specificato, \u00e8 il proprietario di questo Sito.<br \/>\n<strong>Cookie<\/strong><br \/>\nPiccola porzione di dati conservata all\u2019interno del dispositivo dell\u2019Utente.<br \/>\n<strong>Riferimenti legali<\/strong><br \/>\nAvviso agli Utenti europei: la presente informativa privacy \u00e8 redatta in adempimento degli obblighi previsti dall\u2019Art. 10 della Direttiva n. 95\/46\/CE, nonch\u00e9 a quanto previsto dalla Direttiva 2002\/58\/CE, come aggiornata dalla Direttiva 2009\/136\/CE, in materia di Cookie.<\/p>\n<p>Il Titolare del Trattamento si riserva il diritto di apportare modifiche alla presente privacy policy in qualunque momento dandone pubblicit\u00e0 agli Utenti su questa pagina. Si prega dunque di consultare spesso questa pagina, prendendo come riferimento la data di ultima modifica indicata in fondo. Nel caso di mancata accettazione delle modifiche apportate alla presente privacy policy, l\u2019Utente \u00e8 tenuto a cessare l\u2019utilizzo di questo Sito e pu\u00f2 richiedere al Titolare del Trattamento di rimuovere i propri Dati Personali. Salvo quanto diversamente specificato, la precedente privacy policy continuer\u00e0 ad applicarsi ai Dati Personali sino a quel momento raccolti.<\/p>\n<p><strong>Informativa ai sensi dell&#8217;art. 13 del d.lgs. n. 196\/2003 (c.d. codice privacy) e del Provvedimento 229\/2014 del Garante<\/strong>.<\/p>\n<p>Ultimo aggiornamento:<strong> 1 Giugno 2015.<\/strong><\/p>\n","protected":false},"excerpt":{"rendered":"<p>Informativa estesa sui Cookie I Cookie sono costituiti da porzioni di codice installate all\u2019interno del browser che assistono il Titolare nell\u2019erogazione del servizio in base alle finalit\u00e0 descritte. Alcune delle finalit\u00e0 di installazione dei Cookie potrebbero, inoltre, necessitare del consenso dell\u2019Utente. Esistono diverse tipologie di cookies. Alcuni sono necessari per poter navigare sul Sito, altri [&hellip;]<\/p>\n","protected":false},"author":3,"featured_media":0,"parent":0,"menu_order":0,"comment_status":"open","ping_status":"closed","template":"","meta":{"ngg_post_thumbnail":0,"footnotes":""},"class_list":["post-299","page","type-page","status-publish","hentry"],"_links":{"self":[{"href":"https:\/\/www.romatennis.it\/index.php?rest_route=\/wp\/v2\/pages\/299","targetHints":{"allow":["GET"]}}],"collection":[{"href":"https:\/\/www.romatennis.it\/index.php?rest_route=\/wp\/v2\/pages"}],"about":[{"href":"https:\/\/www.romatennis.it\/index.php?rest_route=\/wp\/v2\/types\/page"}],"author":[{"embeddable":true,"href":"https:\/\/www.romatennis.it\/index.php?rest_route=\/wp\/v2\/users\/3"}],"replies":[{"embeddable":true,"href":"https:\/\/www.romatennis.it\/index.php?rest_route=%2Fwp%2Fv2%2Fcomments&post=299"}],"version-history":[{"count":3,"href":"https:\/\/www.romatennis.it\/index.php?rest_route=\/wp\/v2\/pages\/299\/revisions"}],"predecessor-version":[{"id":306,"href":"https:\/\/www.romatennis.it\/index.php?rest_route=\/wp\/v2\/pages\/299\/revisions\/306"}],"wp:attachment":[{"href":"https:\/\/www.romatennis.it\/index.php?rest_route=%2Fwp%2Fv2%2Fmedia&parent=299"}],"curies":[{"name":"wp","href":"https:\/\/api.w.org\/{rel}","templated":true}]}}